{"id":679,"date":"2019-07-20T12:18:04","date_gmt":"2019-07-20T10:18:04","guid":{"rendered":"https:\/\/mollmar.anteprima.online\/?page_id=679"},"modified":"2025-06-27T13:16:45","modified_gmt":"2025-06-27T11:16:45","slug":"certificazione-qualita","status":"publish","type":"page","link":"https:\/\/mollmar.it\/en\/certificazione-qualita\/","title":{"rendered":"Certificazione,Qualit\u00e0 &#038; Sostenibilit\u00e0"},"content":{"rendered":"<div data-elementor-type=\"wp-post\" data-elementor-id=\"679\" class=\"elementor elementor-679\" data-elementor-post-type=\"page\">\n\t\t\t\t\t\t<section class=\"elementor-section elementor-top-section elementor-element elementor-element-8da73f3 elementor-section-boxed elementor-section-height-default elementor-section-height-default\" data-id=\"8da73f3\" data-element_type=\"section\" data-settings=\"{&quot;jet_parallax_layout_list&quot;:[{&quot;jet_parallax_layout_image&quot;:{&quot;url&quot;:&quot;&quot;,&quot;id&quot;:&quot;&quot;,&quot;size&quot;:&quot;&quot;},&quot;_id&quot;:&quot;0fb4cd3&quot;,&quot;jet_parallax_layout_image_tablet&quot;:{&quot;url&quot;:&quot;&quot;,&quot;id&quot;:&quot;&quot;,&quot;size&quot;:&quot;&quot;},&quot;jet_parallax_layout_image_mobile&quot;:{&quot;url&quot;:&quot;&quot;,&quot;id&quot;:&quot;&quot;,&quot;size&quot;:&quot;&quot;},&quot;jet_parallax_layout_speed&quot;:{&quot;unit&quot;:&quot;%&quot;,&quot;size&quot;:50,&quot;sizes&quot;:[]},&quot;jet_parallax_layout_type&quot;:&quot;scroll&quot;,&quot;jet_parallax_layout_direction&quot;:&quot;1&quot;,&quot;jet_parallax_layout_fx_direction&quot;:null,&quot;jet_parallax_layout_z_index&quot;:&quot;&quot;,&quot;jet_parallax_layout_bg_x&quot;:50,&quot;jet_parallax_layout_bg_x_tablet&quot;:&quot;&quot;,&quot;jet_parallax_layout_bg_x_mobile&quot;:&quot;&quot;,&quot;jet_parallax_layout_bg_y&quot;:50,&quot;jet_parallax_layout_bg_y_tablet&quot;:&quot;&quot;,&quot;jet_parallax_layout_bg_y_mobile&quot;:&quot;&quot;,&quot;jet_parallax_layout_bg_size&quot;:&quot;auto&quot;,&quot;jet_parallax_layout_bg_size_tablet&quot;:&quot;&quot;,&quot;jet_parallax_layout_bg_size_mobile&quot;:&quot;&quot;,&quot;jet_parallax_layout_animation_prop&quot;:&quot;transform&quot;,&quot;jet_parallax_layout_on&quot;:[&quot;desktop&quot;,&quot;tablet&quot;]}]}\">\n\t\t\t\t\t\t<div class=\"elementor-container elementor-column-gap-default\">\n\t\t\t\t\t<div class=\"elementor-column elementor-col-100 elementor-top-column elementor-element elementor-element-6b7d9bd\" data-id=\"6b7d9bd\" data-element_type=\"column\">\n\t\t\t<div class=\"elementor-widget-wrap elementor-element-populated\">\n\t\t\t\t\t\t<div class=\"elementor-element elementor-element-e2b8364 elementor-widget elementor-widget-heading\" data-id=\"e2b8364\" data-element_type=\"widget\" data-widget_type=\"heading.default\">\n\t\t\t\t<div class=\"elementor-widget-container\">\n\t\t\t\t\t<h2 class=\"elementor-heading-title elementor-size-default\">politica della qualita' <\/h2>\t\t\t\t<\/div>\n\t\t\t\t<\/div>\n\t\t\t\t<div class=\"elementor-element elementor-element-58ab14f elementor-widget-divider--view-line elementor-widget elementor-widget-divider\" data-id=\"58ab14f\" data-element_type=\"widget\" data-widget_type=\"divider.default\">\n\t\t\t\t<div class=\"elementor-widget-container\">\n\t\t\t\t\t\t\t<div class=\"elementor-divider\">\n\t\t\t<span class=\"elementor-divider-separator\">\n\t\t\t\t\t\t<\/span>\n\t\t<\/div>\n\t\t\t\t\t\t<\/div>\n\t\t\t\t<\/div>\n\t\t\t\t\t<\/div>\n\t\t<\/div>\n\t\t\t\t\t<\/div>\n\t\t<\/section>\n\t\t\t\t<section class=\"elementor-section elementor-top-section elementor-element elementor-element-2d27d8b elementor-section-boxed elementor-section-height-default elementor-section-height-default\" data-id=\"2d27d8b\" data-element_type=\"section\" data-settings=\"{&quot;jet_parallax_layout_list&quot;:[{&quot;jet_parallax_layout_image&quot;:{&quot;url&quot;:&quot;&quot;,&quot;id&quot;:&quot;&quot;,&quot;size&quot;:&quot;&quot;},&quot;_id&quot;:&quot;b32242c&quot;,&quot;jet_parallax_layout_image_tablet&quot;:{&quot;url&quot;:&quot;&quot;,&quot;id&quot;:&quot;&quot;,&quot;size&quot;:&quot;&quot;},&quot;jet_parallax_layout_image_mobile&quot;:{&quot;url&quot;:&quot;&quot;,&quot;id&quot;:&quot;&quot;,&quot;size&quot;:&quot;&quot;},&quot;jet_parallax_layout_speed&quot;:{&quot;unit&quot;:&quot;%&quot;,&quot;size&quot;:50,&quot;sizes&quot;:[]},&quot;jet_parallax_layout_type&quot;:&quot;scroll&quot;,&quot;jet_parallax_layout_direction&quot;:&quot;1&quot;,&quot;jet_parallax_layout_fx_direction&quot;:null,&quot;jet_parallax_layout_z_index&quot;:&quot;&quot;,&quot;jet_parallax_layout_bg_x&quot;:50,&quot;jet_parallax_layout_bg_x_tablet&quot;:&quot;&quot;,&quot;jet_parallax_layout_bg_x_mobile&quot;:&quot;&quot;,&quot;jet_parallax_layout_bg_y&quot;:50,&quot;jet_parallax_layout_bg_y_tablet&quot;:&quot;&quot;,&quot;jet_parallax_layout_bg_y_mobile&quot;:&quot;&quot;,&quot;jet_parallax_layout_bg_size&quot;:&quot;auto&quot;,&quot;jet_parallax_layout_bg_size_tablet&quot;:&quot;&quot;,&quot;jet_parallax_layout_bg_size_mobile&quot;:&quot;&quot;,&quot;jet_parallax_layout_animation_prop&quot;:&quot;transform&quot;,&quot;jet_parallax_layout_on&quot;:[&quot;desktop&quot;,&quot;tablet&quot;]}]}\">\n\t\t\t\t\t\t<div class=\"elementor-container elementor-column-gap-default\">\n\t\t\t\t\t<div class=\"elementor-column elementor-col-50 elementor-top-column elementor-element elementor-element-c8bfaca\" data-id=\"c8bfaca\" data-element_type=\"column\">\n\t\t\t<div class=\"elementor-widget-wrap elementor-element-populated\">\n\t\t\t\t\t\t<div class=\"elementor-element elementor-element-5a652c4 elementor-widget elementor-widget-text-editor\" data-id=\"5a652c4\" data-element_type=\"widget\" data-widget_type=\"text-editor.default\">\n\t\t\t\t<div class=\"elementor-widget-container\">\n\t\t\t\t\t\t\t\t\t<p>La Direzione, con il proprio stile di comportamento e di gestione intende creare un ambiente in cui tutte le parti interessate, in particolare il personale ai vari livelli organizzativi, possano trovare piena soddisfazione delle loro aspettative e contribuire insieme al miglioramento di <strong>Moll-Mar S.r.l. <\/strong>e dell\u2019efficacia del suo sistema di gestione per la qualit\u00e0.<\/p><p>Allo scopo di riferirsi alla propria idea guida:<\/p><p><strong>\u201cInnovazione tecnologica per un prodotto di qualit\u00e0 per competere sul mercato \u201c<\/strong><\/p><p><strong><em>Moll-Mar Srl<\/em><\/strong><strong>,<\/strong>\u00a0rappresentata dalla Direzione, definisce i seguenti indirizzi:<\/p><h2>QUALITY POLICY STATEMENT<\/h2><p><em>E\u2019 politica fondamentale di <strong>Moll-Mar S.r.l. <\/strong>fornire ai clienti prodotti e servizi competitivi, privi di difetti e nel rispetto degli impegni contrattuali.<\/em><\/p><p><em>E\u2019 responsabilit\u00e0 della Direzione definire e documentare la politica e gli obiettivi di qualit\u00e0 ed assicurare che tale politica sia compresa e attuata a tutti i livelli organizzativi.<\/em><\/p><p><em>E\u2019 responsabilit\u00e0 di tutto il management fare in modo che tutte le strutture raggiungano gli obiettivi prefissati di prestazioni, di sicurezza e di affidabilit\u00e0 e, in una parola, di qualit\u00e0.<\/em><\/p><p><em>E\u2019 responsabilit\u00e0 di tutto il Management, in particolare della Direzione Generale, attuare la gestione del rischio definendo il metodo, le responsabilit\u00e0 e i criteri di riesame periodico delle minacce di rischio e\/o delle opportunit\u00e0.<\/em><\/p><p><em>Per attuare la politica e conseguire gli obiettivi di qualit\u00e0 prefissati, la Direzione definisce i ruoli, le autorit\u00e0, le responsabilit\u00e0 ed i rapporti reciproci di tutto il personale che dirige, esegue e verifica le attivit\u00e0 che influenzano la qualit\u00e0, compreso il processo di gestione del rischio.<\/em><\/p><p><em>E\u2019 obiettivo dell\u2019azienda garantire che il livello di qualit\u00e0 dei prodotti e dei servizi forniti sia costantemente in linea con la competizione mondiale; ci\u00f2 si realizza con la percezione tempestiva dei mutamenti di mercato e il conseguente reindirizzo degli obiettivi di qualit\u00e0.<\/em><\/p><p>E\u2019 responsabilit\u00e0 della Direzione assicurare la disponibilit\u00e0 delle risorse per migliorare continuamente la qualit\u00e0 dei prodotti\/servizi forniti; a tale scopo vengono costantemente monitorati gli indicatori di qualit\u00e0 e annualmente sono prefissati nuovi obiettivi per il miglioramento continuo.<\/p><p><em>\u00a0E\u2019 politica della Direzione individuare e comprendere le esigenze ed aspettative di tutti i clienti e delle parti interessate e perseguire il loro soddisfacimento, ottemperando ai loro requisiti ed a quelli cogenti applicabili. <\/em><\/p><p><em>Per la coerenza di quanto enunciato e nell\u2019intendimento di perseguire il miglioramento aziendale, la Direzione s\u2019impegna a:<\/em><\/p><ul><li><em>Rispettare i requisiti cogenti;<\/em><\/li><li><em>Considerare i doveri verso l\u2019ambiente;<\/em><\/li><li><em>Definire le azioni per affrontare la gestione del rischio e delle opportunit\u00e0; <\/em><\/li><li><em>Soddisfare le aspettative delle parti interessate interne ed esterne;<\/em><\/li><li><em>Porre la massima vigilanza sul rispetto dei requisiti di sicurezza;<\/em><\/li><li><em>Diffondere il <strong>\u201cQuality policy statemen<\/strong>t\u201d a tutti i livelli dell\u2019organizzazione e rispettarne rigorosamente i contenuti e ad assicurare adeguati processi di comunicazione interni che permettano l\u2019informazione anche sull\u2019efficacia del sistema di gestione per la qualit\u00e0;<\/em><\/li><li><em>Riesaminare periodicamente i contenuti della suddetta politica, almeno in occasione di ogni riesame del sistema di gestione per la qualit\u00e0, per accertarne la continua idoneit\u00e0 e se il caso riemetterla per adeguarla al nuovo contesto<\/em><\/li><\/ul>\t\t\t\t\t\t\t\t<\/div>\n\t\t\t\t<\/div>\n\t\t\t\t<div class=\"elementor-element elementor-element-86e38c7 elementor-widget elementor-widget-jet-download-button\" data-id=\"86e38c7\" data-element_type=\"widget\" data-widget_type=\"jet-download-button.default\">\n\t\t\t\t<div class=\"elementor-widget-container\">\n\t\t\t\t\t<div class=\"elementor-jet-download-button jet-elements\"><a class=\"elementor-button elementor-size-md jet-download jet-download-icon-position-left\" data-e-disable-page-transition=\"true\" href=\"https:\/\/mollmar.it\/en\/?jet_download=c555c9c6a7767afbe386dfd2d35bc0a00e19a40c\" ><span class=\"jet-download__text\"><span class=\"jet-download__label\">Download<\/span><span class=\"jet-download__file-name\"><\/span><small class=\"jet-download__sub-label\">1.021 KB<\/small><\/span><\/a>\n<\/div>\t\t\t\t<\/div>\n\t\t\t\t<\/div>\n\t\t\t\t<div class=\"elementor-element elementor-element-e33c88b elementor-widget elementor-widget-heading\" data-id=\"e33c88b\" data-element_type=\"widget\" data-widget_type=\"heading.default\">\n\t\t\t\t<div class=\"elementor-widget-container\">\n\t\t\t\t\t<h2 class=\"elementor-heading-title elementor-size-default\">Sostenibilit\u00e0<\/h2>\t\t\t\t<\/div>\n\t\t\t\t<\/div>\n\t\t\t\t<div class=\"elementor-element elementor-element-6e4d6bf elementor-widget-divider--view-line elementor-widget elementor-widget-divider\" data-id=\"6e4d6bf\" data-element_type=\"widget\" data-widget_type=\"divider.default\">\n\t\t\t\t<div class=\"elementor-widget-container\">\n\t\t\t\t\t\t\t<div class=\"elementor-divider\">\n\t\t\t<span class=\"elementor-divider-separator\">\n\t\t\t\t\t\t<\/span>\n\t\t<\/div>\n\t\t\t\t\t\t<\/div>\n\t\t\t\t<\/div>\n\t\t\t\t<div class=\"elementor-element elementor-element-914d29a elementor-widget elementor-widget-text-editor\" data-id=\"914d29a\" data-element_type=\"widget\" data-widget_type=\"text-editor.default\">\n\t\t\t\t<div class=\"elementor-widget-container\">\n\t\t\t\t\t\t\t\t\t<p>La sostenibilit\u00e0, per <strong>Moll-Mar srl<\/strong>\u00a0non \u00e8 un traguardo, ma un impegno continuo che si traduce in azioni concrete per il benessere del pianeta, delle persone e delle informazioni che gestiamo. \u00c8 il principio che ispira le nostre decisioni e il nostro modo di operare, unendo innovazione, responsabilit\u00e0 sociale e tutela dell\u2019ambiente.<\/p><p>Adottiamo un approccio integrato, che si sviluppa su tre direttrici principali:<\/p><p>Ambiente<br \/>Riduciamo il nostro impatto ottimizzando risorse e processi, adottando tecnologie che minimizzano le emissioni e valorizzando materiali riciclati. La nostra attenzione \u00e8 rivolta non solo al rispetto degli ecosistemi, ma anche alla promozione di un\u2019economia circolare e a una produzione responsabile.<\/p><p>Persone e comunit\u00e0<br \/>Poniamo le persone al centro della nostra visione. Garantiamo un ambiente di lavoro sicuro, inclusivo e rispettoso, dove ogni collaboratore pu\u00f2 crescere professionalmente. Ci impegniamo per il benessere dei dipendenti attraverso la formazione continua, politiche di inclusione e il rispetto dei diritti umani.\u00a0<\/p><p>Innovazione e sicurezza IT<br \/>Crediamo nel progresso tecnologico come strumento per migliorare la sostenibilit\u00e0 in tutte le sue forme. Proteggiamo i dati e le informazioni con sistemi avanzati di sicurezza IT, rispettando le normative internazionali e garantendo la riservatezza. La digitalizzazione sostenibile \u00e8 parte della nostra strategia, con soluzioni che uniscono efficienza, tutela delle informazioni e riduzione dell\u2019impatto ambientale.<\/p><p>La nostra visione si basa sulla convinzione che un\u2019azienda responsabile debba creare valore non solo attraverso i suoi prodotti, ma anche contribuendo positivamente alla societ\u00e0 e al pianeta. Attraverso il dialogo con clienti, fornitori e stakeholder, traduciamo questi principi in azioni condivise e misurabili.<\/p><p>Per <strong>Moll-Mar srl<\/strong>, sostenibilit\u00e0 significa costruire, giorno dopo giorno, un futuro pi\u00f9 giusto e sicuro, dove innovazione e responsabilit\u00e0 trovano la loro piena espressione.<\/p>\t\t\t\t\t\t\t\t<\/div>\n\t\t\t\t<\/div>\n\t\t\t\t<div class=\"elementor-element elementor-element-cb021e3 elementor-widget__width-initial elementor-widget elementor-widget-image\" data-id=\"cb021e3\" data-element_type=\"widget\" data-widget_type=\"image.default\">\n\t\t\t\t<div class=\"elementor-widget-container\">\n\t\t\t\t\t\t\t\t\t\t\t\t\t\t\t<img fetchpriority=\"high\" decoding=\"async\" width=\"768\" height=\"511\" src=\"https:\/\/mollmar.it\/wp-content\/uploads\/2025\/06\/sostenibilita-768x511.jpg\" class=\"attachment-medium_large size-medium_large wp-image-1098\" alt=\"\" srcset=\"https:\/\/mollmar.it\/wp-content\/uploads\/2025\/06\/sostenibilita-768x511.jpg 768w, https:\/\/mollmar.it\/wp-content\/uploads\/2025\/06\/sostenibilita-300x200.jpg 300w, https:\/\/mollmar.it\/wp-content\/uploads\/2025\/06\/sostenibilita-18x12.jpg 18w, https:\/\/mollmar.it\/wp-content\/uploads\/2025\/06\/sostenibilita.jpg 1000w\" sizes=\"(max-width: 768px) 100vw, 768px\" \/>\t\t\t\t\t\t\t\t\t\t\t\t\t\t\t<\/div>\n\t\t\t\t<\/div>\n\t\t\t\t\t<\/div>\n\t\t<\/div>\n\t\t\t\t<div class=\"elementor-column elementor-col-50 elementor-top-column elementor-element elementor-element-ac24994\" data-id=\"ac24994\" data-element_type=\"column\">\n\t\t\t<div class=\"elementor-widget-wrap elementor-element-populated\">\n\t\t\t\t\t\t<div class=\"elementor-element elementor-element-fe2954c elementor-widget elementor-widget-image\" data-id=\"fe2954c\" data-element_type=\"widget\" data-widget_type=\"image.default\">\n\t\t\t\t<div class=\"elementor-widget-container\">\n\t\t\t\t\t\t\t\t\t\t\t\t\t\t\t<img decoding=\"async\" width=\"960\" height=\"720\" src=\"https:\/\/mollmar.it\/wp-content\/uploads\/2019\/07\/Logo-Icim-Ita-1024x768.png\" class=\"attachment-large size-large wp-image-862\" alt=\"\" srcset=\"https:\/\/mollmar.it\/wp-content\/uploads\/2019\/07\/Logo-Icim-Ita.png 1024w, https:\/\/mollmar.it\/wp-content\/uploads\/2019\/07\/Logo-Icim-Ita-300x225.png 300w, https:\/\/mollmar.it\/wp-content\/uploads\/2019\/07\/Logo-Icim-Ita-768x576.png 768w\" sizes=\"(max-width: 960px) 100vw, 960px\" \/>\t\t\t\t\t\t\t\t\t\t\t\t\t\t\t<\/div>\n\t\t\t\t<\/div>\n\t\t\t\t<div class=\"elementor-element elementor-element-2dc1e6a elementor-widget elementor-widget-text-editor\" data-id=\"2dc1e6a\" data-element_type=\"widget\" data-widget_type=\"text-editor.default\">\n\t\t\t\t<div class=\"elementor-widget-container\">\n\t\t\t\t\t\t\t\t\tCertificazione del nostro sistema qualit\u00e0 secondo\nla norma<br\/>\n<strong>UNI EN ISO 9001:2015<\/strong>\t\t\t\t\t\t\t\t<\/div>\n\t\t\t\t<\/div>\n\t\t\t\t<div class=\"elementor-element elementor-element-edb5a24 elementor-align-center elementor-widget elementor-widget-jet-download-button\" data-id=\"edb5a24\" data-element_type=\"widget\" data-widget_type=\"jet-download-button.default\">\n\t\t\t\t<div class=\"elementor-widget-container\">\n\t\t\t\t\t<div class=\"elementor-jet-download-button jet-elements\"><a class=\"elementor-button elementor-size-md jet-download jet-download-icon-position-left\" data-e-disable-page-transition=\"true\" href=\"https:\/\/mollmar.it\/en\/?jet_download=71a794977f975bbd6fde1b49831392e07ae883f5\" ><span class=\"jet-download__text\"><span class=\"jet-download__label\">Download<\/span><span class=\"jet-download__file-name\"><\/span><small class=\"jet-download__sub-label\">691 KB<\/small><\/span><\/a>\n<\/div>\t\t\t\t<\/div>\n\t\t\t\t<\/div>\n\t\t\t\t<div class=\"elementor-element elementor-element-e7c9cac elementor-widget elementor-widget-image\" data-id=\"e7c9cac\" data-element_type=\"widget\" data-widget_type=\"image.default\">\n\t\t\t\t<div class=\"elementor-widget-container\">\n\t\t\t\t\t\t\t\t\t\t\t\t\t\t\t<img decoding=\"async\" width=\"354\" height=\"168\" src=\"https:\/\/mollmar.it\/wp-content\/uploads\/2019\/07\/iqnet-eps-vector-logo.png\" class=\"attachment-large size-large wp-image-714\" alt=\"\" srcset=\"https:\/\/mollmar.it\/wp-content\/uploads\/2019\/07\/iqnet-eps-vector-logo.png 354w, https:\/\/mollmar.it\/wp-content\/uploads\/2019\/07\/iqnet-eps-vector-logo-300x142.png 300w\" sizes=\"(max-width: 354px) 100vw, 354px\" \/>\t\t\t\t\t\t\t\t\t\t\t\t\t\t\t<\/div>\n\t\t\t\t<\/div>\n\t\t\t\t<div class=\"elementor-element elementor-element-c2bb5cf elementor-align-center elementor-widget elementor-widget-jet-download-button\" data-id=\"c2bb5cf\" data-element_type=\"widget\" data-widget_type=\"jet-download-button.default\">\n\t\t\t\t<div class=\"elementor-widget-container\">\n\t\t\t\t\t<div class=\"elementor-jet-download-button jet-elements\"><a class=\"elementor-button elementor-size-md jet-download jet-download-icon-position-left\" data-e-disable-page-transition=\"true\" href=\"https:\/\/mollmar.it\/en\/?jet_download=aad6adb3b4bc4d0ca356106c9eb867a597f9da8e\" ><span class=\"jet-download__text\"><span class=\"jet-download__label\">Download<\/span><span class=\"jet-download__file-name\"><\/span><small class=\"jet-download__sub-label\">163 KB<\/small><\/span><\/a>\n<\/div>\t\t\t\t<\/div>\n\t\t\t\t<\/div>\n\t\t\t\t<div class=\"elementor-element elementor-element-70860ea elementor-widget elementor-widget-image\" data-id=\"70860ea\" data-element_type=\"widget\" data-widget_type=\"image.default\">\n\t\t\t\t<div class=\"elementor-widget-container\">\n\t\t\t\t\t\t\t\t\t\t\t\t\t\t\t<img loading=\"lazy\" decoding=\"async\" width=\"310\" height=\"313\" src=\"https:\/\/mollmar.it\/wp-content\/uploads\/2019\/07\/cinquanta-1.png\" class=\"attachment-large size-large wp-image-728\" alt=\"\" srcset=\"https:\/\/mollmar.it\/wp-content\/uploads\/2019\/07\/cinquanta-1.png 310w, https:\/\/mollmar.it\/wp-content\/uploads\/2019\/07\/cinquanta-1-150x150.png 150w, https:\/\/mollmar.it\/wp-content\/uploads\/2019\/07\/cinquanta-1-297x300.png 297w\" sizes=\"(max-width: 310px) 100vw, 310px\" \/>\t\t\t\t\t\t\t\t\t\t\t\t\t\t\t<\/div>\n\t\t\t\t<\/div>\n\t\t\t\t\t<\/div>\n\t\t<\/div>\n\t\t\t\t\t<\/div>\n\t\t<\/section>\n\t\t\t\t<\/div>","protected":false},"excerpt":{"rendered":"<p>politica della qualita&#8217; La Direzione, con il proprio stile di comportamento e di gestione intende creare un ambiente in cui tutte le parti interessate, in particolare il personale ai vari livelli organizzativi, possano trovare piena soddisfazione delle loro aspettative e contribuire insieme al miglioramento di Moll-Mar S.r.l. e dell\u2019efficacia del suo sistema di gestione per &#8230; <a title=\"Certificazione,Qualit\u00e0 &#038; Sostenibilit\u00e0\" class=\"read-more\" href=\"https:\/\/mollmar.it\/en\/certificazione-qualita\/\" aria-label=\"Read more about Certificazione,Qualit\u00e0 &#038; Sostenibilit\u00e0\">Read more<\/a><\/p>","protected":false},"author":1,"featured_media":499,"parent":0,"menu_order":0,"comment_status":"closed","ping_status":"closed","template":"","meta":{"footnotes":""},"class_list":["post-679","page","type-page","status-publish","has-post-thumbnail"],"_links":{"self":[{"href":"https:\/\/mollmar.it\/en\/wp-json\/wp\/v2\/pages\/679","targetHints":{"allow":["GET"]}}],"collection":[{"href":"https:\/\/mollmar.it\/en\/wp-json\/wp\/v2\/pages"}],"about":[{"href":"https:\/\/mollmar.it\/en\/wp-json\/wp\/v2\/types\/page"}],"author":[{"embeddable":true,"href":"https:\/\/mollmar.it\/en\/wp-json\/wp\/v2\/users\/1"}],"replies":[{"embeddable":true,"href":"https:\/\/mollmar.it\/en\/wp-json\/wp\/v2\/comments?post=679"}],"version-history":[{"count":35,"href":"https:\/\/mollmar.it\/en\/wp-json\/wp\/v2\/pages\/679\/revisions"}],"predecessor-version":[{"id":1117,"href":"https:\/\/mollmar.it\/en\/wp-json\/wp\/v2\/pages\/679\/revisions\/1117"}],"wp:featuredmedia":[{"embeddable":true,"href":"https:\/\/mollmar.it\/en\/wp-json\/wp\/v2\/media\/499"}],"wp:attachment":[{"href":"https:\/\/mollmar.it\/en\/wp-json\/wp\/v2\/media?parent=679"}],"curies":[{"name":"wp","href":"https:\/\/api.w.org\/{rel}","templated":true}]}}